{"id":5041,"date":"2024-02-05T15:16:58","date_gmt":"2024-02-05T14:16:58","guid":{"rendered":"https:\/\/gs.sailrs.dev\/?page_id=5041"},"modified":"2025-08-01T11:14:53","modified_gmt":"2025-08-01T10:14:53","slug":"die-geschichte-der-gs","status":"publish","type":"page","link":"https:\/\/gs.sailrs.dev\/en\/die-geschichte-der-gs\/","title":{"rendered":"History of GS"},"content":{"rendered":"<style>\/*! elementor - v3.21.0 - 18-04-2024 *\/\n.elementor-heading-title{padding:0;margin:0;line-height:1}.elementor-widget-heading .elementor-heading-title[class*=elementor-size-]>a{color:inherit;font-size:inherit;line-height:inherit}.elementor-widget-heading .elementor-heading-title.elementor-size-small{font-size:15px}.elementor-widget-heading .elementor-heading-title.elementor-size-medium{font-size:19px}.elementor-widget-heading .elementor-heading-title.elementor-size-large{font-size:29px}.elementor-widget-heading .elementor-heading-title.elementor-size-xl{font-size:39px}.elementor-widget-heading .elementor-heading-title.elementor-size-xxl{font-size:59px}<\/style>\n<h2>History of GS<\/h2>\n<p>Our success story at GS is characterized by continuous growth and diverse partnerships. We now source coins from 20 different countries, including the EU, the USA and Asia. With a proud 5 certified coin counting machines, we guarantee the highest precision in processing.<\/p>\n<p>\u00a0<\/p>\n<p>Our diversified customer base includes industries such as floating sinkers, slag processors, waste incineration plant operators, donation organisations and cash-in-transit companies. With a constant workforce of over 30 employees in production and administration, we successfully manage the processing of around 150 tonnes of coins and around 450 tonnes of metal in 2023.<\/p>\n<p>Auf einer Produktionsfl\u00e4che von circa 850 m\u00b2, erg\u00e4nzt durch 1000 m\u00b2 Lager und 120 m\u00b2 B\u00fcrofl\u00e4che, sichern wir eine effiziente Arbeitsumgebung. Unsere beeindruckenden <br \/>Partnerschaften erstrecken sich \u00fcber Vertr\u00e4ge mit Nationalbanken und Vermarktungspartnern von 20 L\u00e4ndern, wobei weitere in der Entwicklung sind.<\/p>\n<p>\t\t\t<!-- ========= Timeline Widget Addon For Elementor 1.5.7 ========= --><br \/>\n    <!-- Story Year Label --><br \/>\n\t\t\t\t\t1997<br \/>\n\t\t\t\t<!-- Start of Story Repeater Content --><!-- Story Icon Dot --><!-- Story Arrow --><!-- Start of Story Content --><!-- Story Title -->1997<!-- Story Description --><\/p>\n<p>Georg Schons Dipl. Ing. Founds GS in 10 m\u00b2 office in 78224 Singen. Consultancy in planning and operation of slag processing, worldwide distribution of the BHS impact mill<\/p>\n<p><!-- Story Year Label --><br \/>\n\t\t\t\t\t2000<br \/>\n\t\t\t\t<!-- Start of Story Repeater Content --><!-- Story Icon Dot --><!-- Story Arrow --><!-- Start of Story Content --><!-- Story Title -->2000<!-- Story Description --><\/p>\n<p>Operation of a patented, mobile slag processing plant in Switzerland<\/p>\n<p><!-- Story Year Label --><br \/>\n\t\t\t\t\t2005<br \/>\n\t\t\t\t<!-- Start of Story Repeater Content --><!-- Story Icon Dot --><!-- Story Arrow --><!-- Start of Story Content --><!-- Story Title -->2005<!-- Story Description --><\/p>\n<p>Move to 78253 Eigeltingen<\/p>\n<p><!-- Story Year Label --><br \/>\n\t\t\t\t\t2010<br \/>\n\t\t\t\t<!-- Start of Story Repeater Content --><!-- Story Icon Dot --><!-- Story Arrow --><!-- Start of Story Content --><!-- Story Title -->2010<!-- Story Description --><\/p>\n<p>Start and focus on recovering coins from incineration slag in Stockach The centrepiece is Dagobert. Recognises over 1,200 coins from all over the world<\/p>\n<p><!-- Start of Story Repeater Content --><!-- Story Icon Dot --><!-- Story Arrow --><!-- Start of Story Content --><!-- Story Title -->2011<!-- Story Description --><\/p>\n<p>Certified according to DIN ISO 9001<\/p>\n<p><!-- Story Year Label --><br \/>\n\t\t\t\t\t2011<br \/>\n\t\t\t\t<!-- Start of Story Repeater Content --><!-- Story Icon Dot --><!-- Story Arrow --><!-- Start of Story Content --><!-- Story Title -->2011<!-- Story Description --><\/p>\n<p>Development of the first Daisy with slanted brushes for concentrating coin-metal mixtures<\/p>\n<p><!-- Story Year Label --><br \/>\n\t\t\t\t\t2012<br \/>\n\t\t\t\t<!-- Start of Story Repeater Content --><!-- Story Icon Dot --><!-- Story Arrow --><!-- Start of Story Content --><!-- Story Title -->2012<!-- Story Description --><\/p>\n<p>Further development of the Daisy with spiral brushes<\/p>\n<p><!-- Start of Story Repeater Content --><!-- Story Icon Dot --><!-- Story Arrow --><!-- Start of Story Content --><!-- Story Title -->Since 2013<!-- Story Description --><\/p>\n<p>Certified waste management company<\/p>\n<p><!-- Story Year Label --><br \/>\n\t\t\t\t\t2013<br \/>\n\t\t\t\t<!-- Start of Story Repeater Content --><!-- Story Icon Dot --><!-- Story Arrow --><!-- Start of Story Content --><!-- Story Title -->2013<!-- Story Description --><\/p>\n<p>First GS trainee Manuel Schons as a specialist in recycling and waste management. Graduation in July 2015 with praise<\/p>\n<p><!-- Story Year Label --><br \/>\n\t\t\t\t\t2015<br \/>\n\t\t\t\t<!-- Start of Story Repeater Content --><!-- Story Icon Dot --><!-- Story Arrow --><!-- Start of Story Content --><!-- Story Title -->2015<!-- Story Description --><\/p>\n<p>First customers as donation organisations, first cash-in-transit vehicle certified coin counting machine by the German Bundesbank<\/p>\n<p><!-- Start of Story Repeater Content --><!-- Story Icon Dot --><!-- Story Arrow --><!-- Start of Story Content --><!-- Story Title -->2016<!-- Story Description --><\/p>\n<p>Joined Marc Schons' company after successfully completing his training and dual studies (B. Eng.) at International<\/p>\n<p><!-- Story Year Label --><br \/>\n\t\t\t\t\t2016<br \/>\n\t\t\t\t<!-- Start of Story Repeater Content --><!-- Story Icon Dot --><!-- Story Arrow --><!-- Start of Story Content --><!-- Story Title -->Since 2016<!-- Story Description --><\/p>\n<p>Certified coin roll manufacturer<\/p>\n<p><!-- Story Year Label --><br \/>\n\t\t\t\t\t2018<br \/>\n\t\t\t\t<!-- Start of Story Repeater Content --><!-- Story Icon Dot --><!-- Story Arrow --><!-- Start of Story Content --><!-- Story Title -->Since 2018<!-- Story Description --><\/p>\n<p>Certified according to DIN ISO 14001 (environment)\u00a0<\/p>\n<p><!-- Start of Story Repeater Content --><!-- Story Icon Dot --><!-- Story Arrow --><!-- Start of Story Content --><!-- Story Title -->January<!-- Story Description --><\/p>\n<p>Appointment of Marc and Manuel Schon's successors as authorized representatives<\/p>\n<p><!-- Story Year Label --><br \/>\n\t\t\t\t\t2024<br \/>\n\t\t\t\t<!-- Start of Story Repeater Content --><!-- Story Icon Dot --><!-- Story Arrow --><!-- Start of Story Content --><!-- Story Title -->May<!-- Story Description --><\/p>\n<p>Moving to a new location in Hardtring in Stockach<\/p>\n<style type=\"text\/css\">@media (max-width: 1024px){ .twae-wrapper{--tw-ybx-size: 80px !important;}}<\/style>","protected":false},"excerpt":{"rendered":"<p>Die Geschichte der GS Unsere Erfolgsgeschichte bei GS ist gepr\u00e4gt von kontinuierlichem Wachstum und vielf\u00e4ltigen Partnerschaften. Wir beziehen mittlerweile M\u00fcnzen aus 20 verschiedenen L\u00e4ndern, darunter die EU, die USA und Asien. Mit stolzen 5 zertifizierten M\u00fcnzz\u00e4hlmaschinen gew\u00e4hrleisten wir h\u00f6chste Pr\u00e4zision in der Verarbeitung. \u00a0 Unsere breit gef\u00e4cherte Kundenbasis umfasst Branchen wie Schwimm-Sinker, Schlackenaufbereiter, MVA-Betreiber, Spendenorganisationen [&hellip;]<\/p>","protected":false},"author":1,"featured_media":0,"parent":0,"menu_order":0,"comment_status":"closed","ping_status":"closed","template":"","meta":{"inline_featured_image":false,"footnotes":""},"class_list":["post-5041","page","type-page","status-publish","hentry"],"_links":{"self":[{"href":"https:\/\/gs.sailrs.dev\/en\/wp-json\/wp\/v2\/pages\/5041"}],"collection":[{"href":"https:\/\/gs.sailrs.dev\/en\/wp-json\/wp\/v2\/pages"}],"about":[{"href":"https:\/\/gs.sailrs.dev\/en\/wp-json\/wp\/v2\/types\/page"}],"author":[{"embeddable":true,"href":"https:\/\/gs.sailrs.dev\/en\/wp-json\/wp\/v2\/users\/1"}],"replies":[{"embeddable":true,"href":"https:\/\/gs.sailrs.dev\/en\/wp-json\/wp\/v2\/comments?post=5041"}],"version-history":[{"count":0,"href":"https:\/\/gs.sailrs.dev\/en\/wp-json\/wp\/v2\/pages\/5041\/revisions"}],"wp:attachment":[{"href":"https:\/\/gs.sailrs.dev\/en\/wp-json\/wp\/v2\/media?parent=5041"}],"curies":[{"name":"wp","href":"https:\/\/api.w.org\/{rel}","templated":true}]}}